{"id":15,"date":"2013-05-06T21:22:56","date_gmt":"2013-05-06T19:22:56","guid":{"rendered":"http:\/\/blog.edelmann-ritter.de\/?page_id=15"},"modified":"2015-07-09T12:52:35","modified_gmt":"2015-07-09T10:52:35","slug":"sponsoren","status":"publish","type":"page","link":"https:\/\/blog.edelmann-ritter.de\/?page_id=15","title":{"rendered":"Sponsoren"},"content":{"rendered":"<p>Unser Dank geht hier an die Unterst\u00fctzer und F\u00f6rderer unserer Rennsportaktivit\u00e4ten.<\/p>\n<p>Mit dem Eintrag auf dieser Seite soll der gesch\u00e4tzte Betrachter wohlwollende Informationen finden.<\/p>\n<ul>\n<li><a href=\"http:\/\/www.wildwalther.de\/\" target=\"_blank\">Die Apfelweinspezialit\u00e4t ! Zusammenspiel zwischen Klassik und Exotik; E&amp;R gepr\u00fcft<\/a><\/li>\n<li><a href=\"http:\/\/www.walther-kelterei.de\" target=\"_blank\">Die Familienkelterei Walther aus Bruchk\u00f6bel; E&amp;R zertifiziert !<\/a><\/li>\n<li><a href=\"http:\/\/www.yelp.de\/biz\/treffpunkt-nord-bruchk%C3%B6bel\" target=\"_blank\">Treffpunkt Nord Bruchk\u00f6bel; E&amp;R-Lokal der Wahl<\/a><\/li>\n<li><a href=\"http:\/\/www.willsons-shop.de\" target=\"_blank\">Willsons Angelshop<\/a><\/li>\n<li><a href=\"http:\/\/www.dasistangeln.de\" target=\"_blank\">http:\/\/www.dasistangeln.de<\/a><\/li>\n<li><a href=\"http:\/\/www.elektrotechnik-frohn.de\/\" target=\"_blank\">http:\/\/www.elektrotechnik-frohn.de\/<\/a><\/li>\n<\/ul>\n","protected":false},"excerpt":{"rendered":"<p>Unser Dank geht hier an die Unterst\u00fctzer und F\u00f6rderer unserer Rennsportaktivit\u00e4ten. Mit dem Eintrag auf dieser Seite soll der gesch\u00e4tzte Betrachter wohlwollende Informationen finden. Die Apfelweinspezialit\u00e4t ! Zusammenspiel zwischen Klassik und Exotik; E&amp;R gepr\u00fcft Die Familienkelterei Walther aus Bruchk\u00f6bel; E&amp;R zertifiziert ! Treffpunkt Nord Bruchk\u00f6bel; E&amp;R-Lokal der Wahl Willsons Angelshop http:\/\/www.dasistangeln.de http:\/\/www.elektrotechnik-frohn.de\/<\/p>\n","protected":false},"author":1,"featured_media":0,"parent":0,"menu_order":5,"comment_status":"closed","ping_status":"closed","template":"","meta":{"ngg_post_thumbnail":0,"footnotes":""},"class_list":["post-15","page","type-page","status-publish","hentry"],"_links":{"self":[{"href":"https:\/\/blog.edelmann-ritter.de\/index.php?rest_route=\/wp\/v2\/pages\/15","targetHints":{"allow":["GET"]}}],"collection":[{"href":"https:\/\/blog.edelmann-ritter.de\/index.php?rest_route=\/wp\/v2\/pages"}],"about":[{"href":"https:\/\/blog.edelmann-ritter.de\/index.php?rest_route=\/wp\/v2\/types\/page"}],"author":[{"embeddable":true,"href":"https:\/\/blog.edelmann-ritter.de\/index.php?rest_route=\/wp\/v2\/users\/1"}],"replies":[{"embeddable":true,"href":"https:\/\/blog.edelmann-ritter.de\/index.php?rest_route=%2Fwp%2Fv2%2Fcomments&post=15"}],"version-history":[{"count":20,"href":"https:\/\/blog.edelmann-ritter.de\/index.php?rest_route=\/wp\/v2\/pages\/15\/revisions"}],"predecessor-version":[{"id":911,"href":"https:\/\/blog.edelmann-ritter.de\/index.php?rest_route=\/wp\/v2\/pages\/15\/revisions\/911"}],"wp:attachment":[{"href":"https:\/\/blog.edelmann-ritter.de\/index.php?rest_route=%2Fwp%2Fv2%2Fmedia&parent=15"}],"curies":[{"name":"wp","href":"https:\/\/api.w.org\/{rel}","templated":true}]}}